{"id":1392,"date":"2023-01-23T14:08:13","date_gmt":"2023-01-23T13:08:13","guid":{"rendered":"https:\/\/awe-group.net\/events-activations\/"},"modified":"2023-06-16T16:54:39","modified_gmt":"2023-06-16T14:54:39","slug":"events-activations","status":"publish","type":"page","link":"https:\/\/awe-group.net\/pt-pt\/events-activations\/","title":{"rendered":"Events &#038; Activations"},"content":{"rendered":"<section class=\"wpb-content-wrapper\"><p>[vc_section full_height=&#8221;yes&#8221; content_placement=&#8221;middle&#8221; parallax=&#8221;content-moving&#8221; parallax_image=&#8221;583&#8243; parallax_speed_bg=&#8221;1.2&#8243; ridotta=&#8221;1&#8243; parallax_align=&#8221;align-parallax-bottom&#8221; scroll_down=&#8221;0&#8243;][vc_row][vc_column]  <div class=\"custom-space py-3\">\r\n\r\n  <\/div>\r\n  [vc_single_image image=&#8221;1266&#8243; img_size=&#8221;large&#8221; alignment=&#8221;center&#8221; css_animation=&#8221;top-to-bottom&#8221;]  <div class=\"custom-space py-3\">\r\n\r\n  <\/div>\r\n  [\/vc_column][\/vc_row][\/vc_section][vc_section full_width=&#8221;stretch_row&#8221; ridotta=&#8221;0&#8243;][vc_row][vc_column]  <div class=\"custom-space py-4\">\r\n\r\n  <\/div>\r\n  [\/vc_column][\/vc_row][vc_row row_spacing=&#8221;morover-space-row&#8221;][vc_column width=&#8221;1\/2&#8243;]  <div class=\"custom-space py-3\">\r\n\r\n  <\/div>\r\n  [vc_custom_heading text=&#8221;Do entretenimento dos adeptos \u00e0s ativa\u00e7\u00f5es: planos concretos de marketing desportivo por marcas, titulares de direitos e eventos.&#8221; font_container=&#8221;tag:h3|text_align:left&#8221; use_theme_fonts=&#8221;yes&#8221; css_animation=&#8221;top-to-bottom&#8221; font_weight=&#8221;font-weight-bold&#8221;][\/vc_column][vc_column width=&#8221;1\/2&#8243;]  <div class=\"custom-space py-3\">\r\n\r\n  <\/div>\r\n  [vc_column_text css_animation=&#8221;bottom-to-top&#8221; custom_align=&#8221;text-justify&#8221;]As possibilidades de intera\u00e7\u00e3o dos adeptos com a sua paix\u00e3o pelo desporto multiplicaram-se. Os h\u00e1bitos de consumo dos m\u00e9dia mudaram, os canais digitais consolidaram-se como instrumentos de marketing, surgiram novos pontos de contacto inovadores.[\/vc_column_text]  <div class=\"custom-space py-2\">\r\n\r\n  <\/div>\r\n  [vc_column_text css_animation=&#8221;bottom-to-top&#8221; custom_align=&#8221;text-justify&#8221;]A nossa equipa ajuda a marca e os titulares de direitos a aproveitar esta oportunidade, tirando partido do nosso conhecimento profundo das din\u00e2micas de intera\u00e7\u00e3o com os adeptos, capacidade para trabalhar em equipa com os diversos intervenientes num evento desportivo, com garantias de flexibilidade e estrat\u00e9gias de resolu\u00e7\u00e3o de problemas.[\/vc_column_text][\/vc_column][\/vc_row][vc_row][vc_column]  <div class=\"custom-space py-3\">\r\n\r\n  <\/div>\r\n    <div class=\"custom-space py-4\">\r\n\r\n  <\/div>\r\n  [\/vc_column][\/vc_row][\/vc_section][vc_section custom_back=&#8221;white&#8221; custom_text_color=&#8221;brand&#8221; ridotta=&#8221;0&#8243;][vc_row][vc_column]  <div class=\"custom-space py-5\">\r\n\r\n  <\/div>\r\n  [\/vc_column][\/vc_row][vc_row][vc_column]  <div class=\"custom-big-titles text-center\" data-effect=\"no-exit\">\n                  <div class=\"custom-big-title\">\n    <h2 class=\"m-0    text-uppercase font-weight-bold no-line-height\">\n      COMO AJUDAMOS A ATINGIR     <\/h2>\n  <\/div>\n                    <div class=\"custom-big-title\">\n    <h2 class=\"m-0    text-uppercase font-weight-bold no-line-height\">\n      OS SEUS OBJETIVOS<span class=\"support\">.<\/span>    <\/h2>\n  <\/div>\n        <\/div>\n  [\/vc_column][\/vc_row][vc_row][vc_column]  <div class=\"custom-space py-4\">\r\n\r\n  <\/div>\r\n  [\/vc_column][\/vc_row][vc_row][vc_column][vc_row_inner row_spacing=&#8221;morover-space-row&#8221;][vc_column_inner width=&#8221;2\/12&#8243;][\/vc_column_inner][vc_column_inner width=&#8221;4\/12&#8243;][vc_column_text css_animation=&#8221;bottom-to-top&#8221; dimension=&#8221;bigger&#8221; uppercase=&#8221;1&#8243;]<\/p>\n<ul>\n<li>Ativa\u00e7\u00f5es de patroc\u00ednio<\/li>\n<li>Envolvimento dos adeptos<\/li>\n<li>Produ\u00e7\u00e3o de Desporto\/Espet\u00e1culo<\/li>\n<li>Organiza\u00e7\u00e3o de eventos<\/li>\n<\/ul>\n<p>[\/vc_column_text][\/vc_column_inner][vc_column_inner width=&#8221;4\/12&#8243;][vc_column_text css_animation=&#8221;bottom-to-top&#8221; dimension=&#8221;bigger&#8221; uppercase=&#8221;1&#8243;]<\/p>\n<ul>\n<li>Festividades e Cria\u00e7\u00e3o de mascotes<\/li>\n<li>Gest\u00e3o de convidados<\/li>\n<li>Atividade de intermedia\u00e7\u00e3o<\/li>\n<\/ul>\n<p>[\/vc_column_text][\/vc_column_inner][vc_column_inner width=&#8221;2\/12&#8243;][\/vc_column_inner][\/vc_row_inner][\/vc_column][\/vc_row][vc_row][vc_column]  <div class=\"custom-space py-5\">\r\n\r\n  <\/div>\r\n  [\/vc_column][\/vc_row][\/vc_section]<\/p>\n<\/section>","protected":false},"excerpt":{"rendered":"<p>[vc_section full_height=&#8221;yes&#8221; content_placement=&#8221;middle&#8221; parallax=&#8221;content-moving&#8221; parallax_image=&#8221;583&#8243; parallax_speed_bg=&#8221;1.2&#8243; ridotta=&#8221;1&#8243; parallax_align=&#8221;align-parallax-bottom&#8221; scroll_down=&#8221;0&#8243;][vc_row][vc_column][vc_single_image image=&#8221;1266&#8243; img_size=&#8221;large&#8221; alignment=&#8221;center&#8221; css_animation=&#8221;top-to-bottom&#8221;][\/vc_column][\/vc_row][\/vc_section][vc_section full_width=&#8221;stretch_row&#8221; ridotta=&#8221;0&#8243;][vc_row][vc_column][\/vc_column][\/vc_row][vc_row row_spacing=&#8221;morover-space-row&#8221;][vc_column width=&#8221;1\/2&#8243;][vc_custom_heading text=&#8221;Do entretenimento dos adeptos \u00e0s ativa\u00e7\u00f5es: planos concretos de marketing desportivo por marcas, titulares de direitos e eventos.&#8221; font_container=&#8221;tag:h3|text_align:left&#8221; use_theme_fonts=&#8221;yes&#8221; css_animation=&#8221;top-to-bottom&#8221; font_weight=&#8221;font-weight-bold&#8221;][\/vc_column][vc_column width=&#8221;1\/2&#8243;][vc_column_text css_animation=&#8221;bottom-to-top&#8221; custom_align=&#8221;text-justify&#8221;]As possibilidades de intera\u00e7\u00e3o dos adeptos com a sua paix\u00e3o pelo desporto multiplicaram-se. Os [&#8230;]<\/p>\n<p><a class=\"btn btn-secondary understrap-read-more-link\" href=\"https:\/\/awe-group.net\/pt-pt\/events-activations\/\">Continuar a ler&#8230;<\/a><\/p>\n","protected":false},"author":1,"featured_media":0,"parent":0,"menu_order":0,"comment_status":"closed","ping_status":"closed","template":"","meta":{"inline_featured_image":false,"_monsterinsights_skip_tracking":false,"_monsterinsights_sitenote_active":false,"_monsterinsights_sitenote_note":"","_monsterinsights_sitenote_category":0,"footnotes":""},"class_list":["post-1392","page","type-page","status-publish","hentry"],"acf":[],"yoast_head":"<!-- This site is optimized with the Yoast SEO plugin v22.9 - https:\/\/yoast.com\/wordpress\/plugins\/seo\/ -->\n<title>Events &amp; Activations - AWE Sport<\/title>\n<meta name=\"description\" content=\"Il nostro team aiuta brand e rightsholder sfruttando solida conoscenza e capacit\u00e0 di lavorare in partnership e garantendo flessibilit\u00e0 e problem solving.\" \/>\n<meta name=\"robots\" content=\"index, follow, max-snippet:-1, max-image-preview:large, max-video-preview:-1\" \/>\n<link rel=\"canonical\" href=\"https:\/\/awe-group.net\/pt-pt\/events-activations\/\" \/>\n<meta property=\"og:locale\" content=\"pt_PT\" \/>\n<meta property=\"og:type\" content=\"article\" \/>\n<meta property=\"og:title\" content=\"Events &amp; Activations - AWE Sport\" \/>\n<meta property=\"og:description\" content=\"Il nostro team aiuta brand e rightsholder sfruttando solida conoscenza e capacit\u00e0 di lavorare in partnership e garantendo flessibilit\u00e0 e problem solving.\" \/>\n<meta property=\"og:url\" content=\"https:\/\/awe-group.net\/pt-pt\/events-activations\/\" \/>\n<meta property=\"og:site_name\" content=\"AWE Sport\" \/>\n<meta property=\"article:modified_time\" content=\"2023-06-16T14:54:39+00:00\" \/>\n<meta name=\"twitter:card\" content=\"summary_large_image\" \/>\n<meta name=\"twitter:label1\" content=\"Tempo estimado de leitura\" \/>\n\t<meta name=\"twitter:data1\" content=\"1 minuto\" \/>\n<script type=\"application\/ld+json\" class=\"yoast-schema-graph\">{\"@context\":\"https:\/\/schema.org\",\"@graph\":[{\"@type\":\"WebPage\",\"@id\":\"https:\/\/awe-group.net\/pt-pt\/events-activations\/\",\"url\":\"https:\/\/awe-group.net\/pt-pt\/events-activations\/\",\"name\":\"Events & Activations - AWE Sport\",\"isPartOf\":{\"@id\":\"https:\/\/awe-group.net\/pt-pt\/#website\"},\"datePublished\":\"2023-01-23T13:08:13+00:00\",\"dateModified\":\"2023-06-16T14:54:39+00:00\",\"description\":\"Il nostro team aiuta brand e rightsholder sfruttando solida conoscenza e capacit\u00e0 di lavorare in partnership e garantendo flessibilit\u00e0 e problem solving.\",\"breadcrumb\":{\"@id\":\"https:\/\/awe-group.net\/pt-pt\/events-activations\/#breadcrumb\"},\"inLanguage\":\"pt-PT\",\"potentialAction\":[{\"@type\":\"ReadAction\",\"target\":[\"https:\/\/awe-group.net\/pt-pt\/events-activations\/\"]}]},{\"@type\":\"BreadcrumbList\",\"@id\":\"https:\/\/awe-group.net\/pt-pt\/events-activations\/#breadcrumb\",\"itemListElement\":[{\"@type\":\"ListItem\",\"position\":1,\"name\":\"Home\",\"item\":\"https:\/\/awe-group.net\/pt-pt\/\"},{\"@type\":\"ListItem\",\"position\":2,\"name\":\"Events &#038; Activations\"}]},{\"@type\":\"WebSite\",\"@id\":\"https:\/\/awe-group.net\/pt-pt\/#website\",\"url\":\"https:\/\/awe-group.net\/pt-pt\/\",\"name\":\"AWE Sport\",\"description\":\"Creiamo valore nella sport industry\",\"publisher\":{\"@id\":\"https:\/\/awe-group.net\/pt-pt\/#organization\"},\"potentialAction\":[{\"@type\":\"SearchAction\",\"target\":{\"@type\":\"EntryPoint\",\"urlTemplate\":\"https:\/\/awe-group.net\/pt-pt\/?s={search_term_string}\"},\"query-input\":\"required name=search_term_string\"}],\"inLanguage\":\"pt-PT\"},{\"@type\":\"Organization\",\"@id\":\"https:\/\/awe-group.net\/pt-pt\/#organization\",\"name\":\"AWE Sport\",\"url\":\"https:\/\/awe-group.net\/pt-pt\/\",\"logo\":{\"@type\":\"ImageObject\",\"inLanguage\":\"pt-PT\",\"@id\":\"https:\/\/awe-group.net\/pt-pt\/#\/schema\/logo\/image\/\",\"url\":\"https:\/\/awe-group.net\/website\/wp-content\/uploads\/2023\/01\/LOGO-AWE_PRIMARY_02_NEG-e1673982108285.png\",\"contentUrl\":\"https:\/\/awe-group.net\/website\/wp-content\/uploads\/2023\/01\/LOGO-AWE_PRIMARY_02_NEG-e1673982108285.png\",\"width\":1440,\"height\":563,\"caption\":\"AWE Sport\"},\"image\":{\"@id\":\"https:\/\/awe-group.net\/pt-pt\/#\/schema\/logo\/image\/\"}}]}<\/script>\n<!-- \/ Yoast SEO plugin. -->","yoast_head_json":{"title":"Events & Activations - AWE Sport","description":"Il nostro team aiuta brand e rightsholder sfruttando solida conoscenza e capacit\u00e0 di lavorare in partnership e garantendo flessibilit\u00e0 e problem solving.","robots":{"index":"index","follow":"follow","max-snippet":"max-snippet:-1","max-image-preview":"max-image-preview:large","max-video-preview":"max-video-preview:-1"},"canonical":"https:\/\/awe-group.net\/pt-pt\/events-activations\/","og_locale":"pt_PT","og_type":"article","og_title":"Events & Activations - AWE Sport","og_description":"Il nostro team aiuta brand e rightsholder sfruttando solida conoscenza e capacit\u00e0 di lavorare in partnership e garantendo flessibilit\u00e0 e problem solving.","og_url":"https:\/\/awe-group.net\/pt-pt\/events-activations\/","og_site_name":"AWE Sport","article_modified_time":"2023-06-16T14:54:39+00:00","twitter_card":"summary_large_image","twitter_misc":{"Tempo estimado de leitura":"1 minuto"},"schema":{"@context":"https:\/\/schema.org","@graph":[{"@type":"WebPage","@id":"https:\/\/awe-group.net\/pt-pt\/events-activations\/","url":"https:\/\/awe-group.net\/pt-pt\/events-activations\/","name":"Events & Activations - AWE Sport","isPartOf":{"@id":"https:\/\/awe-group.net\/pt-pt\/#website"},"datePublished":"2023-01-23T13:08:13+00:00","dateModified":"2023-06-16T14:54:39+00:00","description":"Il nostro team aiuta brand e rightsholder sfruttando solida conoscenza e capacit\u00e0 di lavorare in partnership e garantendo flessibilit\u00e0 e problem solving.","breadcrumb":{"@id":"https:\/\/awe-group.net\/pt-pt\/events-activations\/#breadcrumb"},"inLanguage":"pt-PT","potentialAction":[{"@type":"ReadAction","target":["https:\/\/awe-group.net\/pt-pt\/events-activations\/"]}]},{"@type":"BreadcrumbList","@id":"https:\/\/awe-group.net\/pt-pt\/events-activations\/#breadcrumb","itemListElement":[{"@type":"ListItem","position":1,"name":"Home","item":"https:\/\/awe-group.net\/pt-pt\/"},{"@type":"ListItem","position":2,"name":"Events &#038; Activations"}]},{"@type":"WebSite","@id":"https:\/\/awe-group.net\/pt-pt\/#website","url":"https:\/\/awe-group.net\/pt-pt\/","name":"AWE Sport","description":"Creiamo valore nella sport industry","publisher":{"@id":"https:\/\/awe-group.net\/pt-pt\/#organization"},"potentialAction":[{"@type":"SearchAction","target":{"@type":"EntryPoint","urlTemplate":"https:\/\/awe-group.net\/pt-pt\/?s={search_term_string}"},"query-input":"required name=search_term_string"}],"inLanguage":"pt-PT"},{"@type":"Organization","@id":"https:\/\/awe-group.net\/pt-pt\/#organization","name":"AWE Sport","url":"https:\/\/awe-group.net\/pt-pt\/","logo":{"@type":"ImageObject","inLanguage":"pt-PT","@id":"https:\/\/awe-group.net\/pt-pt\/#\/schema\/logo\/image\/","url":"https:\/\/awe-group.net\/website\/wp-content\/uploads\/2023\/01\/LOGO-AWE_PRIMARY_02_NEG-e1673982108285.png","contentUrl":"https:\/\/awe-group.net\/website\/wp-content\/uploads\/2023\/01\/LOGO-AWE_PRIMARY_02_NEG-e1673982108285.png","width":1440,"height":563,"caption":"AWE Sport"},"image":{"@id":"https:\/\/awe-group.net\/pt-pt\/#\/schema\/logo\/image\/"}}]}},"_links":{"self":[{"href":"https:\/\/awe-group.net\/pt-pt\/wp-json\/wp\/v2\/pages\/1392","targetHints":{"allow":["GET"]}}],"collection":[{"href":"https:\/\/awe-group.net\/pt-pt\/wp-json\/wp\/v2\/pages"}],"about":[{"href":"https:\/\/awe-group.net\/pt-pt\/wp-json\/wp\/v2\/types\/page"}],"author":[{"embeddable":true,"href":"https:\/\/awe-group.net\/pt-pt\/wp-json\/wp\/v2\/users\/1"}],"replies":[{"embeddable":true,"href":"https:\/\/awe-group.net\/pt-pt\/wp-json\/wp\/v2\/comments?post=1392"}],"version-history":[{"count":3,"href":"https:\/\/awe-group.net\/pt-pt\/wp-json\/wp\/v2\/pages\/1392\/revisions"}],"predecessor-version":[{"id":1499,"href":"https:\/\/awe-group.net\/pt-pt\/wp-json\/wp\/v2\/pages\/1392\/revisions\/1499"}],"wp:attachment":[{"href":"https:\/\/awe-group.net\/pt-pt\/wp-json\/wp\/v2\/media?parent=1392"}],"curies":[{"name":"wp","href":"https:\/\/api.w.org\/{rel}","templated":true}]}}